{"id":8599,"date":"2025-01-31T14:59:08","date_gmt":"2025-01-31T13:59:08","guid":{"rendered":"https:\/\/limpidius.com\/?page_id=8599"},"modified":"2025-01-31T17:27:14","modified_gmt":"2025-01-31T16:27:14","slug":"nos-partenaires","status":"publish","type":"page","link":"https:\/\/www.limpidius.com\/fr_fr\/nos-partenaires\/","title":{"rendered":"Nos partenaires"},"content":{"rendered":"\t\t<div data-elementor-type=\"wp-page\" data-elementor-id=\"8599\" class=\"elementor elementor-8599\" data-elementor-post-type=\"page\">\n\t\t\t\t\t\t<section class=\"elementor-section elementor-top-section elementor-element elementor-element-1f0e4f5 elementor-section-boxed elementor-section-height-default elementor-section-height-default\" data-id=\"1f0e4f5\" data-element_type=\"section\">\n\t\t\t\t\t\t<div class=\"elementor-container elementor-column-gap-default\">\n\t\t\t\t\t<div class=\"elementor-column elementor-col-100 elementor-top-column elementor-element elementor-element-b556af9\" data-id=\"b556af9\" data-element_type=\"column\">\n\t\t\t<div class=\"elementor-widget-wrap elementor-element-populated\">\n\t\t\t\t\t\t<div class=\"elementor-element elementor-element-5ba3f2f elementor-widget elementor-widget-heading\" data-id=\"5ba3f2f\" data-element_type=\"widget\" data-widget_type=\"heading.default\">\n\t\t\t\t<div class=\"elementor-widget-container\">\n\t\t\t\t\t<h1 class=\"elementor-heading-title elementor-size-default\">Nos partenaires <\/h1>\t\t\t\t<\/div>\n\t\t\t\t<\/div>\n\t\t\t\t\t<\/div>\n\t\t<\/div>\n\t\t\t\t\t<\/div>\n\t\t<\/section>\n\t\t\t\t<section class=\"elementor-section elementor-top-section elementor-element elementor-element-0c0495a elementor-section-boxed elementor-section-height-default elementor-section-height-default\" data-id=\"0c0495a\" data-element_type=\"section\">\n\t\t\t\t\t\t<div class=\"elementor-container elementor-column-gap-default\">\n\t\t\t\t\t<div class=\"elementor-column elementor-col-100 elementor-top-column elementor-element elementor-element-80686d1\" data-id=\"80686d1\" data-element_type=\"column\">\n\t\t\t<div class=\"elementor-widget-wrap elementor-element-populated\">\n\t\t\t\t\t\t<div class=\"elementor-element elementor-element-0c675be elementor-widget elementor-widget-dce-breadcrumbs\" data-id=\"0c675be\" data-element_type=\"widget\" data-widget_type=\"dce-breadcrumbs.default\">\n\t\t\t\t<div class=\"elementor-widget-container\">\n\t\t\t\t\t<ul><li class=\"item-home\"><a class=\"bread-link bread-home\" href=\"https:\/\/www.limpidius.com\/fr_fr\" title=\"Accueil\">Accueil<\/a><\/li><li class=\"separator separator-home\"> <span class=\"dce-separator\"> &gt; <\/span> <\/li><li class=\"item-current item-8599\"><span class=\"bread-current bread-8599\"> Nos partenaires<\/span><\/li><\/ul>\t\t\t\t<\/div>\n\t\t\t\t<\/div>\n\t\t\t\t\t<\/div>\n\t\t<\/div>\n\t\t\t\t\t<\/div>\n\t\t<\/section>\n\t\t\t\t<section class=\"elementor-section elementor-top-section elementor-element elementor-element-45163eb elementor-section-boxed elementor-section-height-default elementor-section-height-default\" data-id=\"45163eb\" data-element_type=\"section\">\n\t\t\t\t\t\t<div class=\"elementor-container elementor-column-gap-default\">\n\t\t\t\t\t<div class=\"elementor-column elementor-col-100 elementor-top-column elementor-element elementor-element-1455fd2\" data-id=\"1455fd2\" data-element_type=\"column\">\n\t\t\t<div class=\"elementor-widget-wrap elementor-element-populated\">\n\t\t\t\t\t\t<section class=\"elementor-section elementor-inner-section elementor-element elementor-element-51d6a1a elementor-section-boxed elementor-section-height-default elementor-section-height-default\" data-id=\"51d6a1a\" data-element_type=\"section\">\n\t\t\t\t\t\t<div class=\"elementor-container elementor-column-gap-default\">\n\t\t\t\t\t<div class=\"elementor-column elementor-col-100 elementor-inner-column elementor-element elementor-element-38b10f3\" data-id=\"38b10f3\" data-element_type=\"column\">\n\t\t\t<div class=\"elementor-widget-wrap elementor-element-populated\">\n\t\t\t\t\t\t<div class=\"elementor-element elementor-element-342d502 elementor-widget elementor-widget-heading\" data-id=\"342d502\" data-element_type=\"widget\" data-widget_type=\"heading.default\">\n\t\t\t\t<div class=\"elementor-widget-container\">\n\t\t\t\t\t<h2 class=\"elementor-heading-title elementor-size-default\">Nos partenaires POS (\u00e9diteurs de logiciels de caisses) <\/h2>\t\t\t\t<\/div>\n\t\t\t\t<\/div>\n\t\t\t\t\t<\/div>\n\t\t<\/div>\n\t\t\t\t\t<\/div>\n\t\t<\/section>\n\t\t\t\t<section class=\"elementor-section elementor-inner-section elementor-element elementor-element-1297264 elementor-section-boxed elementor-section-height-default elementor-section-height-default\" data-id=\"1297264\" data-element_type=\"section\">\n\t\t\t\t\t\t<div class=\"elementor-container elementor-column-gap-default\">\n\t\t\t\t\t<div class=\"elementor-column elementor-col-100 elementor-inner-column elementor-element elementor-element-dfcbed2\" data-id=\"dfcbed2\" data-element_type=\"column\">\n\t\t\t<div class=\"elementor-widget-wrap elementor-element-populated\">\n\t\t\t\t\t\t<div class=\"elementor-element elementor-element-0c94ee2 elementor-widget elementor-widget-text-editor\" data-id=\"0c94ee2\" data-element_type=\"widget\" data-widget_type=\"text-editor.default\">\n\t\t\t\t<div class=\"elementor-widget-container\">\n\t\t\t\t\t\t\t\t\t<p><span style=\"font-weight: 400;\">Limpidius fonctionne avec tous les logiciels de caisse du march\u00e9. Avec certains \u00e9diteurs, l\u2019int\u00e9gration ne n\u00e9cessite m\u00eame pas de composant Limpidius en caisse!<\/span><\/p>\t\t\t\t\t\t\t\t<\/div>\n\t\t\t\t<\/div>\n\t\t\t\t\t<\/div>\n\t\t<\/div>\n\t\t\t\t\t<\/div>\n\t\t<\/section>\n\t\t\t\t<section class=\"elementor-section elementor-inner-section elementor-element elementor-element-923ff42 elementor-section-boxed elementor-section-height-default elementor-section-height-default\" data-id=\"923ff42\" data-element_type=\"section\">\n\t\t\t\t\t\t<div class=\"elementor-container elementor-column-gap-default\">\n\t\t\t\t\t<div class=\"elementor-column elementor-col-50 elementor-inner-column elementor-element elementor-element-ec1a443\" data-id=\"ec1a443\" data-element_type=\"column\">\n\t\t\t<div class=\"elementor-widget-wrap elementor-element-populated\">\n\t\t\t\t\t\t<div class=\"elementor-element elementor-element-d79ebe4 elementor-widget__width-initial elementor-widget elementor-widget-image\" data-id=\"d79ebe4\" data-element_type=\"widget\" data-widget_type=\"image.default\">\n\t\t\t\t<div class=\"elementor-widget-container\">\n\t\t\t\t\t\t\t\t\t\t\t\t\t\t\t\t<a href=\"https:\/\/www.merim-groupe.com\/\">\n\t\t\t\t\t\t\t<img fetchpriority=\"high\" decoding=\"async\" width=\"353\" height=\"143\" src=\"https:\/\/www.limpidius.com\/wp-content\/uploads\/2025\/01\/MERIM.png\" class=\"attachment-large size-large wp-image-8697\" alt=\"merim\" srcset=\"https:\/\/www.limpidius.com\/wp-content\/uploads\/2025\/01\/MERIM.png 353w, https:\/\/www.limpidius.com\/wp-content\/uploads\/2025\/01\/MERIM-18x7.png 18w\" sizes=\"(max-width: 353px) 100vw, 353px\" \/>\t\t\t\t\t\t\t\t<\/a>\n\t\t\t\t\t\t\t\t\t\t\t\t\t\t\t<\/div>\n\t\t\t\t<\/div>\n\t\t\t\t\t<\/div>\n\t\t<\/div>\n\t\t\t\t<div class=\"elementor-column elementor-col-50 elementor-inner-column elementor-element elementor-element-46ab20d\" data-id=\"46ab20d\" data-element_type=\"column\">\n\t\t\t<div class=\"elementor-widget-wrap elementor-element-populated\">\n\t\t\t\t\t\t<div class=\"elementor-element elementor-element-7b29fd7 elementor-widget__width-initial elementor-widget elementor-widget-image\" data-id=\"7b29fd7\" data-element_type=\"widget\" data-widget_type=\"image.default\">\n\t\t\t\t<div class=\"elementor-widget-container\">\n\t\t\t\t\t\t\t\t\t\t\t\t\t\t\t\t<a href=\"https:\/\/adeiz.com\/\">\n\t\t\t\t\t\t\t<img decoding=\"async\" width=\"800\" height=\"211\" src=\"https:\/\/www.limpidius.com\/wp-content\/uploads\/2025\/01\/adeiz.png\" class=\"attachment-large size-large wp-image-8694\" alt=\"adeiz\" srcset=\"https:\/\/www.limpidius.com\/wp-content\/uploads\/2025\/01\/adeiz.png 1024w, https:\/\/www.limpidius.com\/wp-content\/uploads\/2025\/01\/adeiz-18x5.png 18w\" sizes=\"(max-width: 800px) 100vw, 800px\" \/>\t\t\t\t\t\t\t\t<\/a>\n\t\t\t\t\t\t\t\t\t\t\t\t\t\t\t<\/div>\n\t\t\t\t<\/div>\n\t\t\t\t\t<\/div>\n\t\t<\/div>\n\t\t\t\t\t<\/div>\n\t\t<\/section>\n\t\t\t\t\t<\/div>\n\t\t<\/div>\n\t\t\t\t\t<\/div>\n\t\t<\/section>\n\t\t\t\t<section class=\"elementor-section elementor-top-section elementor-element elementor-element-c0eaa50 elementor-section-boxed elementor-section-height-default elementor-section-height-default\" data-id=\"c0eaa50\" data-element_type=\"section\">\n\t\t\t\t\t\t<div class=\"elementor-container elementor-column-gap-default\">\n\t\t\t\t\t<div class=\"elementor-column elementor-col-100 elementor-top-column elementor-element elementor-element-795bc2b\" data-id=\"795bc2b\" data-element_type=\"column\">\n\t\t\t<div class=\"elementor-widget-wrap elementor-element-populated\">\n\t\t\t\t\t\t\t<\/div>\n\t\t<\/div>\n\t\t\t\t\t<\/div>\n\t\t<\/section>\n\t\t\t\t<section class=\"elementor-section elementor-top-section elementor-element elementor-element-052a413 elementor-section-boxed elementor-section-height-default elementor-section-height-default\" data-id=\"052a413\" data-element_type=\"section\">\n\t\t\t\t\t\t<div class=\"elementor-container elementor-column-gap-default\">\n\t\t\t\t\t<div class=\"elementor-column elementor-col-100 elementor-top-column elementor-element elementor-element-b93b8c3\" data-id=\"b93b8c3\" data-element_type=\"column\">\n\t\t\t<div class=\"elementor-widget-wrap elementor-element-populated\">\n\t\t\t\t\t\t<section class=\"elementor-section elementor-inner-section elementor-element elementor-element-ece0f37 elementor-section-boxed elementor-section-height-default elementor-section-height-default\" data-id=\"ece0f37\" data-element_type=\"section\">\n\t\t\t\t\t\t<div class=\"elementor-container elementor-column-gap-default\">\n\t\t\t\t\t<div class=\"elementor-column elementor-col-100 elementor-inner-column elementor-element elementor-element-292b418\" data-id=\"292b418\" data-element_type=\"column\">\n\t\t\t<div class=\"elementor-widget-wrap elementor-element-populated\">\n\t\t\t\t\t\t<div class=\"elementor-element elementor-element-ed052b0 elementor-widget elementor-widget-heading\" data-id=\"ed052b0\" data-element_type=\"widget\" data-widget_type=\"heading.default\">\n\t\t\t\t<div class=\"elementor-widget-container\">\n\t\t\t\t\t<h2 class=\"elementor-heading-title elementor-size-default\">Nos partenaires \"wallet\" <\/h2>\t\t\t\t<\/div>\n\t\t\t\t<\/div>\n\t\t\t\t\t<\/div>\n\t\t<\/div>\n\t\t\t\t\t<\/div>\n\t\t<\/section>\n\t\t\t\t<section class=\"elementor-section elementor-inner-section elementor-element elementor-element-67c2a63 elementor-section-boxed elementor-section-height-default elementor-section-height-default\" data-id=\"67c2a63\" data-element_type=\"section\">\n\t\t\t\t\t\t<div class=\"elementor-container elementor-column-gap-default\">\n\t\t\t\t\t<div class=\"elementor-column elementor-col-100 elementor-inner-column elementor-element elementor-element-24a2820\" data-id=\"24a2820\" data-element_type=\"column\">\n\t\t\t<div class=\"elementor-widget-wrap elementor-element-populated\">\n\t\t\t\t\t\t<div class=\"elementor-element elementor-element-ddc833a elementor-widget elementor-widget-text-editor\" data-id=\"ddc833a\" data-element_type=\"widget\" data-widget_type=\"text-editor.default\">\n\t\t\t\t<div class=\"elementor-widget-container\">\n\t\t\t\t\t\t\t\t\t<p><span style=\"font-weight: 400;\">Nous sommes int\u00e9gr\u00e9s aux acteurs majeurs du wallet en France. Les distributeurs clients de Limpidius peuvent, sur simple demande, permettre \u00e0 leurs propres clients fid\u00e9lis\u00e9s de retrouver tous leurs tickets de caisse sur leur wallet, en un seul clic. L\u2019exp\u00e9rience client est incroyable!\u00a0<\/span><\/p>\t\t\t\t\t\t\t\t<\/div>\n\t\t\t\t<\/div>\n\t\t\t\t\t<\/div>\n\t\t<\/div>\n\t\t\t\t\t<\/div>\n\t\t<\/section>\n\t\t\t\t<section class=\"elementor-section elementor-inner-section elementor-element elementor-element-ec2b27c elementor-section-boxed elementor-section-height-default elementor-section-height-default\" data-id=\"ec2b27c\" data-element_type=\"section\">\n\t\t\t\t\t\t<div class=\"elementor-container elementor-column-gap-default\">\n\t\t\t\t\t<div class=\"elementor-column elementor-col-50 elementor-inner-column elementor-element elementor-element-776f860\" data-id=\"776f860\" data-element_type=\"column\">\n\t\t\t<div class=\"elementor-widget-wrap elementor-element-populated\">\n\t\t\t\t\t\t<div class=\"elementor-element elementor-element-15e164e elementor-widget__width-initial elementor-widget elementor-widget-image\" data-id=\"15e164e\" data-element_type=\"widget\" data-widget_type=\"image.default\">\n\t\t\t\t<div class=\"elementor-widget-container\">\n\t\t\t\t\t\t\t\t\t\t\t\t\t\t\t\t<a href=\"https:\/\/www.captainwallet.com\/?campaignid=22152981500&#038;adgroupid=175475705484&#038;adid=730094297977&#038;utm_term=captain%20wallet&#038;utm_campaign=CW_FR_FR_Search_Brand&#038;utm_source=adwords&#038;utm_medium=ppc&#038;hsa_acc=2426621725&#038;hsa_net=adwords&#038;hsa_grp=175475705484&#038;hsa_ver=3&#038;hsa_kw=captain%20wallet&#038;hsa_tgt=kwd-384328509571&#038;hsa_mt=e&#038;hsa_ad=730094297977&#038;hsa_src=g&#038;hsa_cam=22152981500&#038;gad_source=1&#038;gclid=Cj0KCQiA4-y8BhC3ARIsAHmjC_FRZlHLEdEH9dCnXdFP-_DIMo54hXJc5YAE0AbzphHTtl9FMAto_DAaAru9EALw_wcB\">\n\t\t\t\t\t\t\t<img decoding=\"async\" width=\"341\" height=\"148\" src=\"https:\/\/www.limpidius.com\/wp-content\/uploads\/2025\/01\/captain-wallet2.png\" class=\"attachment-large size-large wp-image-8735\" alt=\"captain wallet2\" srcset=\"https:\/\/www.limpidius.com\/wp-content\/uploads\/2025\/01\/captain-wallet2.png 341w, https:\/\/www.limpidius.com\/wp-content\/uploads\/2025\/01\/captain-wallet2-18x8.png 18w\" sizes=\"(max-width: 341px) 100vw, 341px\" \/>\t\t\t\t\t\t\t\t<\/a>\n\t\t\t\t\t\t\t\t\t\t\t\t\t\t\t<\/div>\n\t\t\t\t<\/div>\n\t\t\t\t\t<\/div>\n\t\t<\/div>\n\t\t\t\t<div class=\"elementor-column elementor-col-50 elementor-inner-column elementor-element elementor-element-ab0cfb1\" data-id=\"ab0cfb1\" data-element_type=\"column\">\n\t\t\t<div class=\"elementor-widget-wrap elementor-element-populated\">\n\t\t\t\t\t\t<div class=\"elementor-element elementor-element-d78e107 elementor-widget__width-initial elementor-widget elementor-widget-image\" data-id=\"d78e107\" data-element_type=\"widget\" data-widget_type=\"image.default\">\n\t\t\t\t<div class=\"elementor-widget-container\">\n\t\t\t\t\t\t\t\t\t\t\t\t\t\t\t\t<a href=\"https:\/\/comparer.pro\/logiciels\/splio\">\n\t\t\t\t\t\t\t<img loading=\"lazy\" decoding=\"async\" width=\"225\" height=\"225\" src=\"https:\/\/www.limpidius.com\/wp-content\/uploads\/2025\/01\/splio.jpg\" class=\"attachment-large size-large wp-image-8604\" alt=\"splio\" srcset=\"https:\/\/www.limpidius.com\/wp-content\/uploads\/2025\/01\/splio.jpg 225w, https:\/\/www.limpidius.com\/wp-content\/uploads\/2025\/01\/splio-150x150.jpg 150w, https:\/\/www.limpidius.com\/wp-content\/uploads\/2025\/01\/splio-12x12.jpg 12w\" sizes=\"(max-width: 225px) 100vw, 225px\" \/>\t\t\t\t\t\t\t\t<\/a>\n\t\t\t\t\t\t\t\t\t\t\t\t\t\t\t<\/div>\n\t\t\t\t<\/div>\n\t\t\t\t\t<\/div>\n\t\t<\/div>\n\t\t\t\t\t<\/div>\n\t\t<\/section>\n\t\t\t\t\t<\/div>\n\t\t<\/div>\n\t\t\t\t\t<\/div>\n\t\t<\/section>\n\t\t\t\t<\/div>\n\t\t","protected":false},"excerpt":{"rendered":"<p>Nos partenaires Accueil &gt; Nos partenaires Nos partenaires POS (\u00e9diteurs de logiciels de caisses) Limpidius fonctionne avec tous les logiciels de caisse du march\u00e9. Avec certains \u00e9diteurs, l\u2019int\u00e9gration ne n\u00e9cessite m\u00eame pas de composant Limpidius en caisse! Nos partenaires \u00ab\u00a0wallet\u00a0\u00bb Nous sommes int\u00e9gr\u00e9s aux acteurs majeurs du wallet en France. Les distributeurs clients de Limpidius [&hellip;]<\/p>\n","protected":false},"author":3,"featured_media":0,"parent":0,"menu_order":0,"comment_status":"closed","ping_status":"closed","template":"","meta":{"_acf_changed":false,"_seopress_robots_primary_cat":"","_seopress_titles_title":"","_seopress_titles_desc":"","_seopress_robots_index":"","content-type":"","footnotes":""},"class_list":["post-8599","page","type-page","status-publish","hentry"],"acf":[],"_links":{"self":[{"href":"https:\/\/www.limpidius.com\/fr_fr\/wp-json\/wp\/v2\/pages\/8599","targetHints":{"allow":["GET"]}}],"collection":[{"href":"https:\/\/www.limpidius.com\/fr_fr\/wp-json\/wp\/v2\/pages"}],"about":[{"href":"https:\/\/www.limpidius.com\/fr_fr\/wp-json\/wp\/v2\/types\/page"}],"author":[{"embeddable":true,"href":"https:\/\/www.limpidius.com\/fr_fr\/wp-json\/wp\/v2\/users\/3"}],"replies":[{"embeddable":true,"href":"https:\/\/www.limpidius.com\/fr_fr\/wp-json\/wp\/v2\/comments?post=8599"}],"version-history":[{"count":70,"href":"https:\/\/www.limpidius.com\/fr_fr\/wp-json\/wp\/v2\/pages\/8599\/revisions"}],"predecessor-version":[{"id":8894,"href":"https:\/\/www.limpidius.com\/fr_fr\/wp-json\/wp\/v2\/pages\/8599\/revisions\/8894"}],"wp:attachment":[{"href":"https:\/\/www.limpidius.com\/fr_fr\/wp-json\/wp\/v2\/media?parent=8599"}],"curies":[{"name":"wp","href":"https:\/\/api.w.org\/{rel}","templated":true}]}}