{"id":66,"date":"2020-11-06T16:51:44","date_gmt":"2020-11-06T15:51:44","guid":{"rendered":"https:\/\/limpidius.com\/?page_id=66"},"modified":"2023-01-18T16:02:24","modified_gmt":"2023-01-18T15:02:24","slug":"mentions-legales","status":"publish","type":"page","link":"https:\/\/www.limpidius.com\/fr_fr\/mentions-legales\/","title":{"rendered":"Mentions L\u00e9gales"},"content":{"rendered":"\t\t<div data-elementor-type=\"wp-page\" data-elementor-id=\"66\" class=\"elementor elementor-66\" data-elementor-post-type=\"page\">\n\t\t\t\t\t\t<section class=\"elementor-section elementor-top-section elementor-element elementor-element-b5fcad0 elementor-section-boxed elementor-section-height-default elementor-section-height-default\" data-id=\"b5fcad0\" data-element_type=\"section\">\n\t\t\t\t\t\t<div class=\"elementor-container elementor-column-gap-default\">\n\t\t\t\t\t<div class=\"elementor-column elementor-col-100 elementor-top-column elementor-element elementor-element-42f33ab\" data-id=\"42f33ab\" data-element_type=\"column\">\n\t\t\t<div class=\"elementor-widget-wrap elementor-element-populated\">\n\t\t\t\t\t\t<div class=\"elementor-element elementor-element-63da352 elementor-widget elementor-widget-text-editor\" data-id=\"63da352\" data-element_type=\"widget\" data-widget_type=\"text-editor.default\">\n\t\t\t\t<div class=\"elementor-widget-container\">\n\t\t\t\t\t\t\t\t\t<div class=\"aux-wrapper\">\n<div class=\"aux-container aux-fold\">\n<div id=\"primary\" class=\"aux-primary\">\n<div class=\"content\" role=\"main\">\n<article id=\"post-7\" class=\"post-7 page type-page status-publish hentry\">\n<div class=\"entry-main\">\n<div class=\"entry-content\">\n<div class=\"elementor elementor-7\" data-elementor-type=\"wp-page\" data-elementor-id=\"7\" data-elementor-settings=\"[]\">\n<div class=\"elementor-inner\">\n<div class=\"elementor-section-wrap\">\n<section class=\"elementor-section elementor-top-section elementor-element elementor-element-2793c8c elementor-section-boxed elementor-section-height-default elementor-section-height-default\" data-id=\"2793c8c\" data-element_type=\"section\">\n<div class=\"elementor-container elementor-column-gap-default\">\n<div class=\"elementor-row\">\n<div class=\"aux-parallax-section elementor-column elementor-col-100 elementor-top-column elementor-element elementor-element-8515f79\" data-id=\"8515f79\" data-element_type=\"column\">\n<div class=\"elementor-column-wrap elementor-element-populated\">\n<div class=\"elementor-widget-wrap\">\n<div class=\"elementor-element elementor-element-736043a elementor-widget elementor-widget-heading\" data-id=\"736043a\" data-element_type=\"widget\" data-widget_type=\"heading.default\">\n<div class=\"elementor-widget-container\">\n<h2 class=\"elementor-heading-title elementor-size-default\">Mentions l\u00e9gales<\/h2>\n<\/div>\n<\/div>\n<div class=\"elementor-element elementor-element-5d34b3f elementor-widget elementor-widget-text-editor\" data-id=\"5d34b3f\" data-element_type=\"widget\" data-widget_type=\"text-editor.default\">\n<div class=\"elementor-widget-container\">\n<div class=\"elementor-text-editor elementor-clearfix\">\n<p>1.<strong>&nbsp;Renseignements juridiques<\/strong><\/p>\n<p>Soci\u00e9t\u00e9 \u00e0 responsabilit\u00e9 limit\u00e9e au capital de&nbsp;<strong>33 333,00\u20ac<\/strong><\/p>\n<p>Si\u00e8ge social :<\/p>\n<p>149 AV DE BRETAGNE 59000 LILLE \u2013 France<\/p>\n<p>Soci\u00e9t\u00e9 immatricul\u00e9e au 27-05-2011<\/p>\n<p>Num\u00e9ro de TVA Intracommunautaire : FR82532568888<\/p>\n<p><strong>2. Pour nous contacter<\/strong><\/p>\n<p>Vous pouvez contacter l\u2019\u00e9quipe Limpidius&nbsp;par mail \u00e0&nbsp;<strong>contact@limpidius.com<\/strong><\/p>\n<p><strong>3. Conception et h\u00e9bergement du site<\/strong><\/p>\n<p>Le concepteur du site internet et l\u2019h\u00e9bergeur est La Quincaillerie (SARL au capital de 5 802\u20ac&nbsp;Code APE 7022Z), dont le si\u00e8ge social est situ\u00e9 au : 3 rue du Docteur Huart, 59800 Lille.<\/p>\n<p><a href=\"https:\/\/la-quincaillerie.fr\/\">https:\/\/la-quincaillerie.fr<\/a><\/p>\n<p><strong>4. Politique de confidentialit\u00e9<\/strong><\/p>\n<p>Toutes les informations relatives \u00e0 la confidentialit\u00e9 sont disponibles sur cette&nbsp;<a href=\"https:\/\/www.limpidius.com\/politique-de-confidentialite\">page<\/a><\/p>\n<p><strong>5. Droits d\u2019auteur \u2013 droits de reproduction<\/strong><\/p>\n<p>L\u2019ensemble des contenus de ce site rel\u00e8ve de la l\u00e9gislation fran\u00e7aise et internationale sur les droits d\u2019auteur et la propri\u00e9t\u00e9 intellectuelle. Tous les droits de reproduction sont r\u00e9serv\u00e9s. La reproduction de tout ou partie du site, quelles qu\u2019en soient la forme et la destination est formellement interdite, sauf autorisation expresse du directeur de la publication.<\/p>\n<\/div>\n<\/div>\n<\/div>\n<\/div>\n<\/div>\n<\/div>\n<\/div>\n<\/div>\n<\/section>\n<\/div>\n<\/div>\n<\/div>\n<div class=\"clear\">&nbsp;<\/div>\n<\/div>\n<footer class=\"entry-meta\"><\/footer>\n<\/div>\n<\/article>\n<div class=\"clear\">&nbsp;<\/div>\n<div class=\"clear\">&nbsp;<\/div>\n<\/div>\n<\/div>\n<\/div>\n<\/div>\n<div class=\"elementor elementor-102 elementor-location-footer\" data-elementor-type=\"footer\" data-elementor-id=\"102\" data-elementor-settings=\"[]\">\n<div class=\"elementor-section-wrap\">\n<section class=\"elementor-section elementor-top-section elementor-element elementor-element-e5d6f5e elementor-section-boxed elementor-section-height-default elementor-section-height-default\" data-id=\"e5d6f5e\" data-element_type=\"section\" data-settings=\"{\">\n<div class=\"elementor-container elementor-column-gap-no\">\n<div class=\"elementor-row\">\n<div class=\"aux-parallax-section elementor-column elementor-col-100 elementor-top-column elementor-element elementor-element-b0c0836\" data-id=\"b0c0836\" data-element_type=\"column\">\n<div class=\"elementor-column-wrap elementor-element-populated\">\n<div class=\"elementor-widget-wrap\">\n<div class=\"elementor-element elementor-element-6df4b36 elementor-widget elementor-widget-theme-site-logo elementor-widget-image\" data-id=\"6df4b36\" data-element_type=\"widget\" data-widget_type=\"theme-site-logo.default\">\n<div class=\"elementor-widget-container\">&nbsp;<\/div>\n<\/div>\n<\/div>\n<\/div>\n<\/div>\n<\/div>\n<\/div>\n<\/section>\n<\/div>\n<\/div>\t\t\t\t\t\t\t\t<\/div>\n\t\t\t\t<\/div>\n\t\t\t\t\t<\/div>\n\t\t<\/div>\n\t\t\t\t\t<\/div>\n\t\t<\/section>\n\t\t\t\t<\/div>\n\t\t","protected":false},"excerpt":{"rendered":"<p>Mentions l\u00e9gales 1.&nbsp;Renseignements juridiques Soci\u00e9t\u00e9 \u00e0 responsabilit\u00e9 limit\u00e9e au capital de&nbsp;33 333,00\u20ac Si\u00e8ge social : 149 AV DE BRETAGNE 59000 LILLE \u2013 France Soci\u00e9t\u00e9 immatricul\u00e9e au 27-05-2011 Num\u00e9ro de TVA Intracommunautaire : FR82532568888 2. Pour nous contacter Vous pouvez contacter l\u2019\u00e9quipe Limpidius&nbsp;par mail \u00e0&nbsp;contact@limpidius.com 3. Conception et h\u00e9bergement du site Le concepteur du site internet [&hellip;]<\/p>\n","protected":false},"author":3,"featured_media":0,"parent":0,"menu_order":0,"comment_status":"closed","ping_status":"closed","template":"","meta":{"_acf_changed":false,"_seopress_robots_primary_cat":"","_seopress_titles_title":"","_seopress_titles_desc":"","_seopress_robots_index":"","content-type":"","footnotes":""},"class_list":["post-66","page","type-page","status-publish","hentry"],"acf":[],"_links":{"self":[{"href":"https:\/\/www.limpidius.com\/fr_fr\/wp-json\/wp\/v2\/pages\/66","targetHints":{"allow":["GET"]}}],"collection":[{"href":"https:\/\/www.limpidius.com\/fr_fr\/wp-json\/wp\/v2\/pages"}],"about":[{"href":"https:\/\/www.limpidius.com\/fr_fr\/wp-json\/wp\/v2\/types\/page"}],"author":[{"embeddable":true,"href":"https:\/\/www.limpidius.com\/fr_fr\/wp-json\/wp\/v2\/users\/3"}],"replies":[{"embeddable":true,"href":"https:\/\/www.limpidius.com\/fr_fr\/wp-json\/wp\/v2\/comments?post=66"}],"version-history":[{"count":24,"href":"https:\/\/www.limpidius.com\/fr_fr\/wp-json\/wp\/v2\/pages\/66\/revisions"}],"predecessor-version":[{"id":4000,"href":"https:\/\/www.limpidius.com\/fr_fr\/wp-json\/wp\/v2\/pages\/66\/revisions\/4000"}],"wp:attachment":[{"href":"https:\/\/www.limpidius.com\/fr_fr\/wp-json\/wp\/v2\/media?parent=66"}],"curies":[{"name":"wp","href":"https:\/\/api.w.org\/{rel}","templated":true}]}}