{"id":608,"date":"2021-10-25T15:24:26","date_gmt":"2021-10-25T13:24:26","guid":{"rendered":"https:\/\/limpidius.com\/?page_id=608"},"modified":"2025-01-31T11:07:59","modified_gmt":"2025-01-31T10:07:59","slug":"actualites","status":"publish","type":"page","link":"https:\/\/www.limpidius.com\/fr_fr\/actualites\/","title":{"rendered":"Actualit\u00e9s"},"content":{"rendered":"\t\t<div data-elementor-type=\"wp-page\" data-elementor-id=\"608\" class=\"elementor elementor-608\" data-elementor-post-type=\"page\">\n\t\t\t\t\t\t<section class=\"elementor-section elementor-top-section elementor-element elementor-element-a0e1155 elementor-section-boxed elementor-section-height-default elementor-section-height-default\" data-id=\"a0e1155\" data-element_type=\"section\">\n\t\t\t\t\t\t<div class=\"elementor-container elementor-column-gap-default\">\n\t\t\t\t\t<div class=\"elementor-column elementor-col-100 elementor-top-column elementor-element elementor-element-8ed7e9e\" data-id=\"8ed7e9e\" data-element_type=\"column\">\n\t\t\t<div class=\"elementor-widget-wrap elementor-element-populated\">\n\t\t\t\t\t\t<div class=\"elementor-element elementor-element-d525cbf elementor-widget elementor-widget-heading\" data-id=\"d525cbf\" data-element_type=\"widget\" data-widget_type=\"heading.default\">\n\t\t\t\t<div class=\"elementor-widget-container\">\n\t\t\t\t\t<h1 class=\"elementor-heading-title elementor-size-default\">Actualit\u00e9s<\/h1>\t\t\t\t<\/div>\n\t\t\t\t<\/div>\n\t\t\t\t<div class=\"elementor-element elementor-element-f364675 elementor-widget elementor-widget-dce-breadcrumbs\" data-id=\"f364675\" data-element_type=\"widget\" data-widget_type=\"dce-breadcrumbs.default\">\n\t\t\t\t<div class=\"elementor-widget-container\">\n\t\t\t\t\t<ul><li class=\"item-home\"><a class=\"bread-link bread-home\" href=\"https:\/\/www.limpidius.com\/fr_fr\" title=\"Accueil\">Accueil<\/a><\/li><li class=\"separator separator-home\"> <span class=\"dce-separator\"> &gt; <\/span> <\/li><li class=\"item-current item-608\"><span class=\"bread-current bread-608\"> Actualit\u00e9s<\/span><\/li><\/ul>\t\t\t\t<\/div>\n\t\t\t\t<\/div>\n\t\t\t\t<div class=\"elementor-element elementor-element-926e556 elementor-widget elementor-widget-text-editor\" data-id=\"926e556\" data-element_type=\"widget\" data-widget_type=\"text-editor.default\">\n\t\t\t\t<div class=\"elementor-widget-container\">\n\t\t\t\t\t\t\t\t\t<p>Suivez l&rsquo;actualit\u00e9 Limpidius sur <a href=\"https:\/\/fr.linkedin.com\/company\/limpidius\">notre page LinkedIn.<\/a><\/p>\t\t\t\t\t\t\t\t<\/div>\n\t\t\t\t<\/div>\n\t\t\t\t\t<\/div>\n\t\t<\/div>\n\t\t\t\t\t<\/div>\n\t\t<\/section>\n\t\t\t\t<section class=\"elementor-section elementor-top-section elementor-element elementor-element-31667e2 elementor-section-full_width elementor-section-height-default elementor-section-height-default\" data-id=\"31667e2\" data-element_type=\"section\">\n\t\t\t\t\t\t<div class=\"elementor-container elementor-column-gap-default\">\n\t\t\t\t\t<div class=\"elementor-column elementor-col-100 elementor-top-column elementor-element elementor-element-2697fc1\" data-id=\"2697fc1\" data-element_type=\"column\">\n\t\t\t<div class=\"elementor-widget-wrap elementor-element-populated\">\n\t\t\t\t\t\t<div class=\"elementor-element elementor-element-f9a7ebd elementor-widget elementor-widget-shortcode\" data-id=\"f9a7ebd\" data-element_type=\"widget\" data-widget_type=\"shortcode.default\">\n\t\t\t\t<div class=\"elementor-widget-container\">\n\t\t\t\t\t\t\t<div class=\"elementor-shortcode\">\t\t<div data-elementor-type=\"section\" data-elementor-id=\"562\" class=\"elementor elementor-562\" data-elementor-post-type=\"elementor_library\">\n\t\t\t\t\t<section class=\"elementor-section elementor-top-section elementor-element elementor-element-ca1b9a4 elementor-section-boxed elementor-section-height-default elementor-section-height-default\" data-id=\"ca1b9a4\" data-element_type=\"section\">\n\t\t\t\t\t\t<div class=\"elementor-container elementor-column-gap-default\">\n\t\t\t\t\t<div class=\"elementor-column elementor-col-100 elementor-top-column elementor-element elementor-element-1efe322\" data-id=\"1efe322\" data-element_type=\"column\">\n\t\t\t<div class=\"elementor-widget-wrap elementor-element-populated\">\n\t\t\t\t\t\t<div class=\"elementor-element elementor-element-bfb026d elementor-widget elementor-widget-heading\" data-id=\"bfb026d\" data-element_type=\"widget\" data-widget_type=\"heading.default\">\n\t\t\t\t<div class=\"elementor-widget-container\">\n\t\t\t\t\t<span class=\"elementor-heading-title elementor-size-default\">Parcourez nos solutions compl\u00e9mentaires<\/span>\t\t\t\t<\/div>\n\t\t\t\t<\/div>\n\t\t\t\t<div class=\"elementor-element elementor-element-c4c0c2f elementor-widget elementor-widget-text-editor\" data-id=\"c4c0c2f\" data-element_type=\"widget\" data-widget_type=\"text-editor.default\">\n\t\t\t\t<div class=\"elementor-widget-container\">\n\t\t\t\t\t\t\t\t\t<p>Limpidius est une suite compl\u00e8te et int\u00e9gr\u00e9e de services con\u00e7us autour du ticket de caisse d\u00e9mat\u00e9rialis\u00e9 et de la loi AGEC (loi \u201canti-gaspi\u201d). Mises bout \u00e0 bout, les diff\u00e9rentes verticales produit apportent des solutions simples et concr\u00e8tes aux nouveaux sujets que d\u00e9voilent le e-ticket de caisse et la non-impression des tickets de caisse.<\/p>\t\t\t\t\t\t\t\t<\/div>\n\t\t\t\t<\/div>\n\t\t\t\t<section class=\"elementor-section elementor-inner-section elementor-element elementor-element-2404214 elementor-section-boxed elementor-section-height-default elementor-section-height-default\" data-id=\"2404214\" data-element_type=\"section\">\n\t\t\t\t\t\t<div class=\"elementor-container elementor-column-gap-default\">\n\t\t\t\t\t<div class=\"make-column-clickable-elementor elementor-column elementor-col-25 elementor-inner-column elementor-element elementor-element-dbb8a6f\" style=\"cursor: pointer;\" data-column-clickable=\"https:\/\/www.limpidius.com\/solutions\/dematerialisation\" data-column-clickable-blank=\"_self\" data-dce-background-color=\"#FFFFFF\" data-id=\"dbb8a6f\" data-element_type=\"column\" data-settings=\"{&quot;background_background&quot;:&quot;classic&quot;}\">\n\t\t\t<div class=\"elementor-widget-wrap elementor-element-populated\">\n\t\t\t\t\t\t<div class=\"elementor-element elementor-element-4317466 elementor-view-default elementor-widget elementor-widget-icon\" data-id=\"4317466\" data-element_type=\"widget\" data-widget_type=\"icon.default\">\n\t\t\t\t<div class=\"elementor-widget-container\">\n\t\t\t\t\t\t\t<div class=\"elementor-icon-wrapper\">\n\t\t\t<div class=\"elementor-icon\">\n\t\t\t<svg xmlns=\"http:\/\/www.w3.org\/2000\/svg\" xmlns:xlink=\"http:\/\/www.w3.org\/1999\/xlink\" xmlns:svgjs=\"http:\/\/svgjs.com\/svgjs\" width=\"512\" height=\"512\" x=\"0\" y=\"0\" viewBox=\"0 0 470 470\" style=\"enable-background:new 0 0 512 512\" xml:space=\"preserve\"><g>  <g xmlns=\"http:\/\/www.w3.org\/2000\/svg\">    <path d=\"m202.5,405.883v-120.208c0-4.143-3.357-7.5-7.5-7.5h-50c-4.143,0-7.5,3.357-7.5,7.5s3.357,7.5 7.5,7.5h42.5v112.708c-14.315,3.396-25,16.278-25,31.617 0,17.921 14.579,32.5 32.5,32.5s32.5-14.579 32.5-32.5c0-15.339-10.685-28.221-25-31.617zm-7.5,49.117c-9.649,0-17.5-7.851-17.5-17.5s7.851-17.5 17.5-17.5 17.5,7.851 17.5,17.5-7.851,17.5-17.5,17.5z\" fill=\"#000000\" data-original=\"#000000\"><\/path>    <path d=\"m282.5,405.883v-120.208c0-4.143-3.357-7.5-7.5-7.5h-49.999c-4.143,0-7.5,3.357-7.5,7.5s3.357,7.5 7.5,7.5h42.499v112.708c-14.315,3.396-25,16.278-25,31.617 0,17.921 14.579,32.5 32.5,32.5s32.5-14.579 32.5-32.5c0-15.339-10.685-28.221-25-31.617zm-7.5,49.117c-9.649,0-17.5-7.851-17.5-17.5s7.851-17.5 17.5-17.5 17.5,7.851 17.5,17.5-7.851,17.5-17.5,17.5z\" fill=\"#000000\" data-original=\"#000000\"><\/path>    <path d=\"m410,355c-15.339,0-28.221,10.685-31.617,25h-15.883v-94.325c0-4.143-3.357-7.5-7.5-7.5h-50c-4.143,0-7.5,3.357-7.5,7.5s3.357,7.5 7.5,7.5h42.5v94.325c0,4.143 3.357,7.5 7.5,7.5h23.383c3.396,14.315 16.278,25 31.617,25 17.921,0 32.5-14.579 32.5-32.5s-14.579-32.5-32.5-32.5zm0,50c-9.649,0-17.5-7.851-17.5-17.5s7.851-17.5 17.5-17.5 17.5,7.851 17.5,17.5-7.851,17.5-17.5,17.5z\" fill=\"#000000\" data-original=\"#000000\"><\/path>    <path d=\"M452.141,161.557c-10.108-12.55-23.837-21.848-39.113-26.592c-1.72-35.503-16.45-68.628-41.84-93.806   C344.422,14.617,308.922,0,271.226,0c-49.501,0-95.306,25.812-121.066,67.787c-6.264-1.975-12.775-2.972-19.434-2.972   c-30.637,0-56.983,21.626-63.336,51.105C28.044,126.127,0,161.988,0,203.101c0,49.667,40.406,90.074,90.073,90.074H107.5V380   H91.617C88.221,365.685,75.339,355,60,355c-17.921,0-32.5,14.579-32.5,32.5S42.079,420,60,420c15.339,0,28.221-10.685,31.617-25   H115c4.143,0,7.5-3.357,7.5-7.5V285.675c0-4.143-3.357-7.5-7.5-7.5H90.073C48.678,278.175,15,244.497,15,203.101   c0-35.723,25.395-66.688,60.383-73.627c3.155-0.625,5.561-3.193,5.978-6.383c3.229-24.671,24.451-43.275,49.365-43.275   c6.854,0,13.501,1.373,19.756,4.08c3.546,1.535,7.675,0.125,9.543-3.254C182.409,40.152,225.019,15,271.226,15   c69.384,0,126.34,56.438,126.966,125.812c0.031,3.466,2.433,6.458,5.809,7.239c30.028,6.949,51,33.351,51,64.203   c0,36.349-29.571,65.921-65.92,65.921H385c-4.143,0-7.5,3.357-7.5,7.5s3.357,7.5,7.5,7.5h4.08c44.619,0,80.92-36.301,80.92-80.921   C470,193.859,463.657,175.854,452.141,161.557z M60,405c-9.649,0-17.5-7.851-17.5-17.5S50.351,370,60,370s17.5,7.851,17.5,17.5   S69.649,405,60,405z\" fill=\"#000000\" data-original=\"#000000\"><\/path>    <path d=\"m365.692,148.605h0.069c4.142-0.038 7.469-3.426 7.432-7.568-0.112-12.354-2.444-24.443-6.931-35.931-1.508-3.858-5.856-5.765-9.715-4.258s-5.765,5.856-4.258,9.715c3.822,9.784 5.808,20.083 5.903,30.61 0.039,4.12 3.389,7.432 7.5,7.432z\" fill=\"#000000\" data-original=\"#000000\"><\/path>    <path d=\"m338.278,86.756c1.483,1.796 3.626,2.724 5.786,2.724 1.683,0 3.375-0.563 4.772-1.718 3.193-2.638 3.644-7.365 1.006-10.559-19.53-23.643-48.185-37.203-78.615-37.203-4.143,0-7.5,3.357-7.5,7.5s3.357,7.5 7.5,7.5c25.94,0 50.379,11.574 67.051,31.756z\" fill=\"#000000\" data-original=\"#000000\"><\/path>  <\/g><\/g><\/svg>\t\t\t<\/div>\n\t\t<\/div>\n\t\t\t\t\t\t<\/div>\n\t\t\t\t<\/div>\n\t\t\t\t<div class=\"elementor-element elementor-element-a6e400b elementor-widget elementor-widget-heading\" data-id=\"a6e400b\" data-element_type=\"widget\" data-widget_type=\"heading.default\">\n\t\t\t\t<div class=\"elementor-widget-container\">\n\t\t\t\t\t<span class=\"elementor-heading-title elementor-size-default\">D\u00e9mat\u00e9rialisation<\/span>\t\t\t\t<\/div>\n\t\t\t\t<\/div>\n\t\t\t\t\t<\/div>\n\t\t<\/div>\n\t\t\t\t<div class=\"make-column-clickable-elementor elementor-column elementor-col-25 elementor-inner-column elementor-element elementor-element-e7a9096\" style=\"cursor: pointer;\" data-column-clickable=\"https:\/\/www.limpidius.com\/solutions\/client\" data-column-clickable-blank=\"_self\" data-dce-background-color=\"#FFFFFF\" data-id=\"e7a9096\" data-element_type=\"column\" data-settings=\"{&quot;background_background&quot;:&quot;classic&quot;}\">\n\t\t\t<div class=\"elementor-widget-wrap elementor-element-populated\">\n\t\t\t\t\t\t<div class=\"elementor-element elementor-element-b6b02f0 elementor-view-default elementor-widget elementor-widget-icon\" data-id=\"b6b02f0\" data-element_type=\"widget\" data-widget_type=\"icon.default\">\n\t\t\t\t<div class=\"elementor-widget-container\">\n\t\t\t\t\t\t\t<div class=\"elementor-icon-wrapper\">\n\t\t\t<div class=\"elementor-icon\">\n\t\t\t<svg xmlns=\"http:\/\/www.w3.org\/2000\/svg\" viewBox=\"0 0 512 512\"><g id=\"Calque_2\" data-name=\"Calque 2\"><g id=\"Calque_1-2\" data-name=\"Calque 1\"><path d=\"M340.25,411.05a10,10,0,0,0-8.07-6.81l-46.45-6.74L265,355.42a10,10,0,0,0-17.94,0L226.27,397.5l-46.45,6.74a10,10,0,0,0-5.54,17.06l33.61,32.76L200,500.31a10,10,0,0,0,14.51,10.54L256,489l41.54,21.83a10,10,0,0,0,14.51-10.54l-7.93-46.25,33.6-32.76A10,10,0,0,0,340.25,411.05Zm-53.86,32.36a10,10,0,0,0-2.87,8.85l5.39,31.46-28.25-14.85a10,10,0,0,0-9.31,0l-28.26,14.85,5.4-31.46a10,10,0,0,0-2.88-8.85l-22.86-22.29,31.6-4.58a10,10,0,0,0,7.53-5.48L256,382.44l14.12,28.62a10,10,0,0,0,7.53,5.48l31.6,4.58Z\"><\/path><path d=\"M169,351.05a10,10,0,0,0-8.07-6.81l-46.44-6.74L93.71,295.42a10,10,0,0,0-9-5.58h0a10,10,0,0,0-9,5.58L55,337.5,8.56,344.24A10,10,0,0,0,3,361.3l33.61,32.76-7.94,46.25A10,10,0,0,0,43.2,450.85L84.74,429l41.53,21.83a10,10,0,0,0,14.51-10.54l-7.93-46.25,33.6-32.76A10,10,0,0,0,169,351.05Zm-53.86,32.36a10,10,0,0,0-2.87,8.85l5.39,31.46L89.4,408.87a10,10,0,0,0-9.31,0L51.83,423.72l5.4-31.46a10,10,0,0,0-2.88-8.85L31.49,361.12l31.59-4.58a10,10,0,0,0,7.53-5.47l14.13-28.63,14.12,28.62a10,10,0,0,0,7.53,5.48L138,361.12Z\"><\/path><path d=\"M511.51,351.05a10,10,0,0,0-8.07-6.81L457,337.5l-20.77-42.09a10,10,0,0,0-17.94,0L397.53,337.5l-46.44,6.74a10,10,0,0,0-5.54,17.06l33.61,32.76-7.93,46.25a10,10,0,0,0,14.51,10.54L427.26,429l41.54,21.83a10,10,0,0,0,14.51-10.54l-7.93-46.25L509,361.3a10,10,0,0,0,2.53-10.25Zm-53.86,32.36a10,10,0,0,0-2.87,8.85l5.39,31.46-28.25-14.85a10,10,0,0,0-9.31,0l-28.25,14.85,5.4-31.46a10,10,0,0,0-2.88-8.85L374,361.12l31.59-4.58a10,10,0,0,0,7.53-5.48l14.12-28.62,14.14,28.63a10,10,0,0,0,7.53,5.47l31.58,4.58Z\"><\/path><circle cx=\"256\" cy=\"280\" r=\"10\"><\/circle><path d=\"M386,280V250a70.08,70.08,0,0,0-70-70,20,20,0,0,1-20-20V149.74c18.07-19.62,30-51,30-79.74,0-44.46-28.68-70-70-70s-70,25.5-70,70c0,28.7,11.93,60.12,30,79.74V160a20,20,0,0,1-20,20,70.08,70.08,0,0,0-70,70v30a10,10,0,0,0,10,10h75a10,10,0,0,0,0-20H146V250a50.06,50.06,0,0,1,50-50,40,40,0,0,0,40-40V145.69a10,10,0,0,0-3-7.16C217.1,123,206,94.84,206,70c0-45.13,35-50,50-50s50,4.87,50,50c0,24.84-11.1,53-27,68.53a10,10,0,0,0-3,7.16V160a40,40,0,0,0,40,40,50.06,50.06,0,0,1,50,50v20H301a10,10,0,0,0,0,20h75A10,10,0,0,0,386,280Z\"><\/path><\/g><\/g><\/svg>\t\t\t<\/div>\n\t\t<\/div>\n\t\t\t\t\t\t<\/div>\n\t\t\t\t<\/div>\n\t\t\t\t<div class=\"elementor-element elementor-element-5c0e5e5 elementor-widget elementor-widget-heading\" data-id=\"5c0e5e5\" data-element_type=\"widget\" data-widget_type=\"heading.default\">\n\t\t\t\t<div class=\"elementor-widget-container\">\n\t\t\t\t\t<span class=\"elementor-heading-title elementor-size-default\">Client<\/span>\t\t\t\t<\/div>\n\t\t\t\t<\/div>\n\t\t\t\t\t<\/div>\n\t\t<\/div>\n\t\t\t\t<div class=\"make-column-clickable-elementor elementor-column elementor-col-25 elementor-inner-column elementor-element elementor-element-4e6eef8\" style=\"cursor: pointer;\" data-column-clickable=\"https:\/\/www.limpidius.com\/solutions\/application-b2b\" data-column-clickable-blank=\"_self\" data-dce-background-color=\"#FFFFFF\" data-id=\"4e6eef8\" data-element_type=\"column\" data-settings=\"{&quot;background_background&quot;:&quot;classic&quot;}\">\n\t\t\t<div class=\"elementor-widget-wrap elementor-element-populated\">\n\t\t\t\t\t\t<div class=\"elementor-element elementor-element-a3794b4 elementor-view-default elementor-widget elementor-widget-icon\" data-id=\"a3794b4\" data-element_type=\"widget\" data-widget_type=\"icon.default\">\n\t\t\t\t<div class=\"elementor-widget-container\">\n\t\t\t\t\t\t\t<div class=\"elementor-icon-wrapper\">\n\t\t\t<div class=\"elementor-icon\">\n\t\t\t<svg xmlns=\"http:\/\/www.w3.org\/2000\/svg\" xmlns:xlink=\"http:\/\/www.w3.org\/1999\/xlink\" xmlns:svgjs=\"http:\/\/svgjs.com\/svgjs\" width=\"512\" height=\"512\" x=\"0\" y=\"0\" viewBox=\"0 0 256 256\" style=\"enable-background:new 0 0 512 512\" xml:space=\"preserve\" class=\"\"><g><g xmlns=\"http:\/\/www.w3.org\/2000\/svg\" fill=\"#1D1D1B\"><path d=\"m171 234h-86a17 17 0 0 1 -17-17v-178a17 17 0 0 1 17-17h86a17 17 0 0 1 17 17v67.71a3 3 0 0 1 -6 0v-67.71a11 11 0 0 0 -11-11h-86a11 11 0 0 0 -11 11v178a11 11 0 0 0 11 11h86a11 11 0 0 0 11-11v-36.95a3 3 0 0 1 6 0v36.95a17 17 0 0 1 -17 17z\" fill=\"#1D1D1B\" data-original=\"#1d1d1b\"><\/path><path d=\"m145.8 38.21h-35.6a10.31 10.31 0 0 1 -10.29-10.21 3 3 0 0 1 .08-6h56a3 3 0 0 1 .08 6 10.31 10.31 0 0 1 -10.27 10.21zm-39.89-10.21a4.3 4.3 0 0 0 4.29 4.21h35.6a4.3 4.3 0 0 0 4.29-4.21z\" fill=\"#1D1D1B\" data-original=\"#1d1d1b\"><\/path><path d=\"m146.61 219.74h-37.22a3 3 0 1 1 0-6h37.22a3 3 0 0 1 0 6z\" fill=\"#1D1D1B\" data-original=\"#1d1d1b\"><\/path><path d=\"m190.9 187.67a6.14 6.14 0 0 1 -4.21-1.68l-5.62-5.64-38.25-7.76a12.94 12.94 0 0 1 -8.27-5.64 11.62 11.62 0 0 1 -1.52-9.66c.69-2.66 2.89-7.1 9.77-8.56l-20-19.95a12.59 12.59 0 0 1 -3.62-8.93.37.37 0 0 1 0-.11 12.42 12.42 0 0 1 4.2-8.77l.09-.07a12.71 12.71 0 0 1 17.16.94l3.94 3.94.45-.48.16-.15a12.57 12.57 0 0 1 8.62-3.06 10.71 10.71 0 0 1 2.79-3.46 12.3 12.3 0 0 1 10.93-2.83 13.61 13.61 0 0 1 1.81-2.12l.09-.08a12.67 12.67 0 0 1 17.41.76l19.72 19.75a17 17 0 0 1 4.06 6.89l3.54 12 7.7 7.7.07.07a6.18 6.18 0 0 1 .05 8.34l-.09.1-26.68 26.72a6.24 6.24 0 0 1 -4.3 1.74zm-44.84-33.35c-6.19.49-7 3.54-7.24 4.54a5.69 5.69 0 0 0 .74 4.78 6.93 6.93 0 0 0 4.45 3.07l39.14 7.94a3 3 0 0 1 1.53.83l6.2 6.21s.08 0 .14-.06l26.59-26.58a.15.15 0 0 0 0-.17l-8.18-8.17a3.14 3.14 0 0 1 -.76-1.28l-3.74-12.71a11 11 0 0 0 -2.6-4.4l-19.72-19.76a6.69 6.69 0 0 0 -9.15-.47 7.4 7.4 0 0 0 -1.68 2.49 3 3 0 0 1 -4.13 1.57 6.27 6.27 0 0 0 -7 1l-.16.14a4.7 4.7 0 0 0 -1.69 2.71 3 3 0 0 1 -3.7 2.31 6.55 6.55 0 0 0 -5.84 1.31 8.53 8.53 0 0 0 -1.52 2.16 3 3 0 0 1 -4.82.8l-6.49-6.51a6.75 6.75 0 0 0 -9.07-.55 6.41 6.41 0 0 0 -2.13 4.44 6.58 6.58 0 0 0 1.89 4.62l24.49 24.48a3 3 0 0 1 .67 3.22 3 3 0 0 1 -2.67 1.9z\" fill=\"#1D1D1B\" data-original=\"#1d1d1b\"><\/path><path d=\"m178.62 122.1a3 3 0 0 1 -2.12-.88l-9.62-9.63a3 3 0 0 1 4.24-4.24l9.62 9.62a3 3 0 0 1 -2.12 5.13z\" fill=\"#1D1D1B\" data-original=\"#1d1d1b\"><\/path><path d=\"m167 129.51a3 3 0 0 1 -2.12-.88l-11.11-11.11a3 3 0 0 1 4.24-4.24l11.11 11.1a3 3 0 0 1 -2.12 5.13z\" fill=\"#1D1D1B\" data-original=\"#1d1d1b\"><\/path><path d=\"m157.45 135.85a3 3 0 0 1 -2.12-.88l-12.41-12.4a3 3 0 0 1 4.25-4.25l12.4 12.4a3 3 0 0 1 -2.12 5.13z\" fill=\"#1D1D1B\" data-original=\"#1d1d1b\"><\/path><path d=\"m156.13 160.82a3 3 0 0 1 -2.12-.88l-6.64-6.64a3 3 0 0 1 4.24-4.25l6.64 6.65a3 3 0 0 1 0 4.24 3 3 0 0 1 -2.12.88z\" fill=\"#1D1D1B\" data-original=\"#1d1d1b\"><\/path><path d=\"m122.23 147.39a2.93 2.93 0 0 1 -1-.16 29.69 29.69 0 1 1 32.28-47.16 3 3 0 1 1 -4.6 3.85 23.69 23.69 0 1 0 -25.76 37.62 3 3 0 0 1 -1 5.85z\" fill=\"#1D1D1B\" data-original=\"#1d1d1b\"><\/path><path d=\"m124.79 164.73a3 3 0 0 1 -.42 0 46 46 0 1 1 41.74-75.11 44.81 44.81 0 0 1 3.38 4.59 3 3 0 0 1 -5 3.25 41.11 41.11 0 0 0 -2.94-4 40.06 40.06 0 1 0 -36.31 65.33 3 3 0 0 1 -.41 6z\" fill=\"#1D1D1B\" data-original=\"#1d1d1b\"><\/path><\/g><\/g><\/svg>\t\t\t<\/div>\n\t\t<\/div>\n\t\t\t\t\t\t<\/div>\n\t\t\t\t<\/div>\n\t\t\t\t<div class=\"elementor-element elementor-element-9476f22 elementor-widget elementor-widget-heading\" data-id=\"9476f22\" data-element_type=\"widget\" data-widget_type=\"heading.default\">\n\t\t\t\t<div class=\"elementor-widget-container\">\n\t\t\t\t\t<span class=\"elementor-heading-title elementor-size-default\">Application\n<br>btob<\/span>\t\t\t\t<\/div>\n\t\t\t\t<\/div>\n\t\t\t\t\t<\/div>\n\t\t<\/div>\n\t\t\t\t<div class=\"make-column-clickable-elementor elementor-column elementor-col-25 elementor-inner-column elementor-element elementor-element-42da671\" style=\"cursor: pointer;\" data-column-clickable=\"https:\/\/www.limpidius.com\/solutions\/archivage-des-e-ticket\" data-column-clickable-blank=\"_self\" data-dce-background-color=\"#FFFFFF\" data-id=\"42da671\" data-element_type=\"column\" data-settings=\"{&quot;background_background&quot;:&quot;classic&quot;}\">\n\t\t\t<div class=\"elementor-widget-wrap elementor-element-populated\">\n\t\t\t\t\t\t<div class=\"elementor-element elementor-element-ace19f6 elementor-view-default elementor-widget elementor-widget-icon\" data-id=\"ace19f6\" data-element_type=\"widget\" data-widget_type=\"icon.default\">\n\t\t\t\t<div class=\"elementor-widget-container\">\n\t\t\t\t\t\t\t<div class=\"elementor-icon-wrapper\">\n\t\t\t<div class=\"elementor-icon\">\n\t\t\t<svg xmlns=\"http:\/\/www.w3.org\/2000\/svg\" viewBox=\"0 0 512 398.92\"><g id=\"Calque_2\" data-name=\"Calque 2\"><g id=\"Calque_1-2\" data-name=\"Calque 1\"><path d=\"M477.66,71.16c-17.13-4-39.52-6.54-63.66-7.16V41.5c0-13.51-16.33-23.77-49.93-31.36C335.12,3.6,296.74,0,256,0a618.21,618.21,0,0,0-63.56,3.13A7.5,7.5,0,0,0,194,18.05,605,605,0,0,1,256,15c39.66,0,76.87,3.47,104.77,9.77C392.2,31.87,399,39.89,399,41.5s-6.8,9.62-38.23,16.73c-54.58,12.93-154.95,12.93-209.54,0C119.8,51.12,113,43.1,113,41.5c0-1.86,8.2-11,46.11-18.38A7.5,7.5,0,1,0,156.23,8.4C117.05,16,98,26.87,98,41.5V64c-24.14.62-46.53,3.12-63.66,7.16C11.23,76.6,0,84.23,0,94.5v224c0,10.27,11.23,17.9,34.34,23.34,17.14,4,39.52,6.54,63.66,7.16v8.5c0,13.51,16.33,23.77,49.93,31.36,56.73,13.42,159.41,13.42,216.14,0C397.67,381.27,414,371,414,357.5V349c9.88-.25,19.51-.82,28.69-1.7a7.5,7.5,0,0,0-1.43-14.93c-8.72.83-17.86,1.38-27.26,1.63V293c32.36-1.4,57.9-3.26,83-13.43V318c-1.13,1.5-6.86,5.5-22.77,9.25a7.5,7.5,0,0,0,3.43,14.6C500.77,336.4,512,328.77,512,318.5V94.5c0-10.27-11.23-17.9-34.34-23.34ZM497,206c-13.51,11.49-57.35,15.3-83,16V181c32.36-1.4,57.9-3.26,83-13.43ZM98,166c-25.51-.69-69.63-4.57-83-16V111.57c25.1,10.17,50.64,12,83,13.43ZM15,206V167.57c25.1,10.17,50.64,12,83,13.43v41C72.49,221.31,28.37,217.43,15,206Zm98,13c8.21,4.55,19.82,8.5,34.93,11.92,56.73,13.42,159.41,13.42,216.14,0,15.11-3.42,26.72-7.37,34.93-11.92V278.5c0,1.6-6.8,9.62-38.23,16.73-54.58,12.93-154.95,12.93-209.53,0C119.8,288.12,113,280.1,113,278.5Zm384-69c-13.51,11.49-57.35,15.3-83,16V125c32.36-1.4,57.9-3.26,83-13.43ZM470.22,84.87c17.19,3.61,24.25,7.67,26.31,9.63-15.6,11.29-56,14.64-82.53,15.5V79C435,79.57,454.72,81.61,470.22,84.87Zm-322.29-12c56.73,13.42,159.41,13.42,216.14,0,15.11-3.42,26.72-7.37,34.93-11.92V120.5c0,2.25-10.37,13-58.28,20.52a7.5,7.5,0,1,0,2.33,14.81q38.25-6,55.95-15.92V199.5c0,1.6-6.8,9.62-38.23,16.73-54.58,12.93-154.95,12.93-209.53,0C119.8,209.13,113,201.1,113,199.5V139.94c8.21,4.55,19.82,8.5,34.93,11.92C176.88,158.4,215.26,162,256,162c17.76,0,35.16-.68,51.72-2A7.5,7.5,0,1,0,306.5,145c-16.15,1.31-33.14,2-50.5,2-39.66,0-76.87-3.47-104.77-9.77C119.8,130.12,113,122.1,113,120.5V60.94c8.21,4.55,19.82,8.5,34.93,11.92Zm-106.15,12C57.28,81.61,77,79.57,98,79v31c-26.4-.84-67-4.24-82.53-15.5C17.53,92.54,24.59,88.48,41.78,84.87Zm0,243.26c-18.87-4-25.54-8.47-26.78-10.14V279.57a103.05,103.05,0,0,0,19.17,6.23,7.5,7.5,0,0,0,3.45-14.6c-15.8-3.73-21.5-7.72-22.62-9.21V223.58c25.1,10.16,50.64,12,83,13.42v41c-9.06-.24-17.9-.76-26.34-1.54a7.5,7.5,0,0,0-1.39,14.93c8.9.83,18.2,1.37,27.73,1.61v41C77,333.43,57.28,331.39,41.78,328.13Zm319,46.09c-54.58,12.94-154.95,12.94-209.54,0C119.8,367.12,113,359.1,113,357.5V297.94c8.21,4.55,19.82,8.5,34.93,11.92,56.73,13.42,159.41,13.42,216.14,0,15.11-3.42,26.72-7.37,34.93-11.92V357.5c0,1.6-6.8,9.62-38.23,16.72ZM470.22,272.13c-15.5,3.26-35.23,5.3-56.22,5.87V237c32.36-1.4,57.9-3.26,83-13.43V262C495.76,263.66,489.09,268.17,470.22,272.13Z\"><\/path><\/g><\/g><\/svg>\t\t\t<\/div>\n\t\t<\/div>\n\t\t\t\t\t\t<\/div>\n\t\t\t\t<\/div>\n\t\t\t\t<div class=\"elementor-element elementor-element-a9d1499 elementor-widget elementor-widget-heading\" data-id=\"a9d1499\" data-element_type=\"widget\" data-widget_type=\"heading.default\">\n\t\t\t\t<div class=\"elementor-widget-container\">\n\t\t\t\t\t<span class=\"elementor-heading-title elementor-size-default\">Stockage, transitions,\n<br>garanties<\/span>\t\t\t\t<\/div>\n\t\t\t\t<\/div>\n\t\t\t\t\t<\/div>\n\t\t<\/div>\n\t\t\t\t\t<\/div>\n\t\t<\/section>\n\t\t\t\t\t<\/div>\n\t\t<\/div>\n\t\t\t\t\t<\/div>\n\t\t<\/section>\n\t\t\t\t<\/div>\n\t\t<\/div>\n\t\t\t\t\t\t<\/div>\n\t\t\t\t<\/div>\n\t\t\t\t\t<\/div>\n\t\t<\/div>\n\t\t\t\t\t<\/div>\n\t\t<\/section>\n\t\t\t\t<\/div>\n\t\t","protected":false},"excerpt":{"rendered":"<p>Actualit\u00e9s Accueil &gt; Actualit\u00e9s Suivez l&rsquo;actualit\u00e9 Limpidius sur notre page LinkedIn.<\/p>\n","protected":false},"author":3,"featured_media":0,"parent":0,"menu_order":0,"comment_status":"closed","ping_status":"closed","template":"","meta":{"_acf_changed":false,"_seopress_robots_primary_cat":"","_seopress_titles_title":"","_seopress_titles_desc":"Les lois anti-gaspi et sur la donn\u00e9e personnelle sont une aubaine formidable pour passer au tickets de caisse \u00e9lectroniques. Le b\u00e9n\u00e9fice est triple. Vous vous mettez en conformit\u00e9 totale avec la l\u00e9gislation. Vos clients appr\u00e9cient l\u2019exp\u00e9rience client, digitale et 100% sans papier. Et le b\u00e9n\u00e9fice sur votre r\u00e9f\u00e9rentiel client est consid\u00e9rable.","_seopress_robots_index":"","content-type":"","footnotes":""},"class_list":["post-608","page","type-page","status-publish","hentry"],"acf":[],"_links":{"self":[{"href":"https:\/\/www.limpidius.com\/fr_fr\/wp-json\/wp\/v2\/pages\/608","targetHints":{"allow":["GET"]}}],"collection":[{"href":"https:\/\/www.limpidius.com\/fr_fr\/wp-json\/wp\/v2\/pages"}],"about":[{"href":"https:\/\/www.limpidius.com\/fr_fr\/wp-json\/wp\/v2\/types\/page"}],"author":[{"embeddable":true,"href":"https:\/\/www.limpidius.com\/fr_fr\/wp-json\/wp\/v2\/users\/3"}],"replies":[{"embeddable":true,"href":"https:\/\/www.limpidius.com\/fr_fr\/wp-json\/wp\/v2\/comments?post=608"}],"version-history":[{"count":46,"href":"https:\/\/www.limpidius.com\/fr_fr\/wp-json\/wp\/v2\/pages\/608\/revisions"}],"predecessor-version":[{"id":8813,"href":"https:\/\/www.limpidius.com\/fr_fr\/wp-json\/wp\/v2\/pages\/608\/revisions\/8813"}],"wp:attachment":[{"href":"https:\/\/www.limpidius.com\/fr_fr\/wp-json\/wp\/v2\/media?parent=608"}],"curies":[{"name":"wp","href":"https:\/\/api.w.org\/{rel}","templated":true}]}}