{"id":54,"date":"2020-11-06T16:28:01","date_gmt":"2020-11-06T15:28:01","guid":{"rendered":"https:\/\/limpidius.com\/?page_id=54"},"modified":"2021-12-23T12:29:09","modified_gmt":"2021-12-23T11:29:09","slug":"politique-de-confidentialite","status":"publish","type":"page","link":"https:\/\/www.limpidius.com\/fr_fr\/politique-de-confidentialite\/","title":{"rendered":"Politique de confidentialit\u00e9"},"content":{"rendered":"\t\t<div data-elementor-type=\"wp-page\" data-elementor-id=\"54\" class=\"elementor elementor-54\" data-elementor-post-type=\"page\">\n\t\t\t\t\t\t<section class=\"elementor-section elementor-top-section elementor-element elementor-element-195c7af5 elementor-section-boxed elementor-section-height-default elementor-section-height-default\" data-id=\"195c7af5\" data-element_type=\"section\">\n\t\t\t\t\t\t<div class=\"elementor-container elementor-column-gap-default\">\n\t\t\t\t\t<div class=\"elementor-column elementor-col-100 elementor-top-column elementor-element elementor-element-3151622b\" data-id=\"3151622b\" data-element_type=\"column\">\n\t\t\t<div class=\"elementor-widget-wrap elementor-element-populated\">\n\t\t\t\t\t\t<div class=\"elementor-element elementor-element-7c8b6fcc elementor-widget elementor-widget-text-editor\" data-id=\"7c8b6fcc\" data-element_type=\"widget\" data-widget_type=\"text-editor.default\">\n\t\t\t\t<div class=\"elementor-widget-container\">\n\t\t\t\t\t\t\t\t\t<p><\/p>\n<h2 class=\"wp-block-heading\">Informations l\u00e9gales<\/h2>\n<p><span style=\"font-weight: 400;\">Bienvenue sur notre politique de confidentialit\u00e9, la protection de vos donn\u00e9es personnelles est importante \u00e0 nos yeux. Certaines donn\u00e9es sont transmises \u00e0 des services tiers pour proposer une meilleure exp\u00e9rience sur notre site et pour que nous puissions rester en contact ensemble.<\/span><\/p>\n<h3><strong>Qui sommes-nous ?<\/strong><\/h3>\n<p><span style=\"font-weight: 400;\">Vous pouvez consulter nos Mentions L\u00e9gales disponibles sur notre site internet<\/span> <a href=\"https:\/\/www.limpidius.com\/mentions-legales\"><span style=\"font-weight: 400;\">en cliquant ici<\/span><\/a><span style=\"font-weight: 400;\">.<\/span><\/p>\n<p><span style=\"font-weight: 400;\">Utilisation des donn\u00e9es personnelles collect\u00e9es<\/span><\/p>\n<p><span style=\"font-weight: 400;\">Dans le cadre de la navigation sur le site web, dans l\u2019envoi de formulaires ou le passage de commandes des donn\u00e9es personnelles sont forc\u00e9ment collect\u00e9es.<\/span><\/p>\n<p><span style=\"font-weight: 400;\">Voici en d\u00e9tail ce que nous collectons et \u00e0 qui nous les transmettons dans certains cas. Statistiques du site et mesure d\u2019audience<\/span><\/p>\n<p><span style=\"font-weight: 400;\">Pour notamment am\u00e9liorer le parcours sur notre site internet et mieux comprendre nos utilisateurs nous utilisons des services tiers qui se servent de cookies pour vous identifier. Vous pouvez d\u00e9sactiver ces statistiques en utilisant une extension sp\u00e9ciale sur votre navigateur tel que <\/span><a href=\"https:\/\/www.ghostery.com\/\"><span style=\"font-weight: 400;\">Ghostery<\/span><\/a><span style=\"font-weight: 400;\"> pour ne pas \u00eatre trac\u00e9.<\/span><\/p>\n<p><span style=\"font-weight: 400;\">Le premier est <\/span><a href=\"https:\/\/analytics.google.com\/analytics\/web\/\"><span style=\"font-weight: 400;\">Google Analytics<\/span><\/a><span style=\"font-weight: 400;\">, celui-ci nous permet de comptabiliser les visites et d\u2019observer le comportement des utilisateurs sur notre site. Vous trouverez sur le <\/span><a href=\"https:\/\/support.google.com\/analytics\/answer\/6318039?hl=fr\"><span style=\"font-weight: 400;\">centre d\u2019aide Google<\/span><\/a><span style=\"font-weight: 400;\"> les donn\u00e9es collect\u00e9es d\u00e9taill\u00e9es.<\/span><\/p>\n<p><span style=\"font-weight: 400;\">Il est possible que nous ayons activ\u00e9 les outils <\/span><a href=\"https:\/\/facebook.com\/\"><span style=\"font-weight: 400;\">Facebook<\/span><\/a><span style=\"font-weight: 400;\"> suivants :<\/span><\/p>\n<ul>\n<li style=\"font-weight: 400;\"><span style=\"font-weight: 400;\">Customer Chat : il s\u2019agit du service de messagerie que vous pouvez voir\u00a0 sous la forme d\u2019un bouton en bas en bas \u00e0 droite du site. Ce service tiers nous permet de facilement communiquer avec nos utilisateurs pour les accompagner durant leur navigation.<\/span><\/li>\n<li style=\"font-weight: 400;\"><span style=\"font-weight: 400;\">Pixel Facebook : il s\u2019agit d\u2019un cookies, compl\u00e9mentaire \u00e0 <\/span><a href=\"https:\/\/analytics.google.com\/analytics\/web\/\"><span style=\"font-weight: 400;\">Google Analytics<\/span><\/a><span style=\"font-weight: 400;\"> nous permettant de vous proposer \u00e9ventuellement de la publicit\u00e9 sur Facebook apr\u00e8s avoir visit\u00e9 notre site internet.<\/span><\/li>\n<\/ul>\n<p><span style=\"font-weight: 400;\">Ces outils collectent votre profil Facebook \u00e0 travers la gestion des cookies. Les donn\u00e9es sont directement stock\u00e9es et g\u00e9r\u00e9es via Facebook et ne transitent pas par notre site internet.<\/span><\/p>\n<h3><strong>G\u00e9rer votre consentement :<\/strong><\/h3>\n<p><span style=\"font-weight: 400;\">Lorsque vous remplissez un formulaire de contact, vos donn\u00e9es saisies sont enregistr\u00e9es automatiquement dans notre base de donn\u00e9es et votre demande est transmise par e-mail \u00e0 notre  \u00e9quipe. Nous utilisons le plugin <a href=\"https:\/\/www.gravityforms.com\/\">Gravity Form<\/a> <\/span><span style=\"font-weight: 400;\">et il est connect\u00e9 \u00e9galement \u00e0 <\/span><a href=\"https:\/\/analytics.google.com\/analytics\/web\/\"><span style=\"font-weight: 400;\">Google Analytics<\/span><\/a><span style=\"font-weight: 400;\">.<\/span><\/p>\n<p><span style=\"font-weight: 400;\">Commandes, si notre outil e-commerce est activ\u00e9<\/span><\/p>\n<p><span style=\"font-weight: 400;\">Si notre site internet a d\u00e9ploy\u00e9 une option e-commerce, sachez que nous stockons toutes les informations de livraison, de facturation et tous les d\u00e9tails des commandes. Nous ne stockons cependant pas vos num\u00e9ros de carte bancaire. L\u2019\u00e9tape du paiement est s\u00e9curis\u00e9e et externalis\u00e9e via un prestataire de service de paiement.<\/span><\/p>\n<p><span style=\"font-weight: 400;\">Pour votre information, notre syst\u00e8me e-commerce peut \u00eatre amen\u00e9 \u00e0 conserver vos donn\u00e9es personnelles selon les dur\u00e9es suivantes :<\/span><\/p>\n<ul>\n<li style=\"font-weight: 400;\"><span style=\"font-weight: 400;\">Conservation des comptes inactifs : 1 an<\/span><\/li>\n<li style=\"font-weight: 400;\"><span style=\"font-weight: 400;\">Conservation des commandes en attente : 1 an<\/span><\/li>\n<li style=\"font-weight: 400;\"><span style=\"font-weight: 400;\">Conservation des commandes \u00e9chou\u00e9es :\u00a0 1 an<\/span><\/li>\n<li style=\"font-weight: 400;\"><span style=\"font-weight: 400;\">Conservation des commandes annul\u00e9es : 1 an<\/span><\/li>\n<li style=\"font-weight: 400;\"><span style=\"font-weight: 400;\">Conservation des command\u00e9es termin\u00e9es : 1 an, en cas de produits t\u00e9l\u00e9chargeables, vous \u00eates tenus de les stocker dans un endroit s\u00e9curis\u00e9 avant suppression automatique.<\/span><\/li>\n<\/ul>\n<div>\u00a0<\/div>\n<div>\n<h4><strong>Extraction &amp; suppression des donn\u00e9es :<\/strong><\/h4>\n<br \/>\t\t<form action=\"https:\/\/www.limpidius.com\/wp-admin\/admin-ajax.php\" method=\"post\" id=\"gdrf-form\">\n\t\t\t<input type=\"hidden\" name=\"action\" value=\"gdrf_data_request\" \/>\n\t\t\t<input type=\"hidden\" name=\"gdrf_data_human_key\" id=\"gdrf_data_human_key\" value=\"20008\" \/>\n\t\t\t<input type=\"hidden\" name=\"gdrf_data_nonce\" id=\"gdrf_data_nonce\" value=\"82f1af9e93\" \/>\n\n\t\t\t\t\t<div class=\"gdrf-field gdrf-field-action\" role=\"radiogroup\" aria-labelledby=\"gdrf-radio-label\">\n\t\t\t\t<p id=\"gdrf-radio-label\">\n\t\t\t\t\tS\u00e9lectionner un type de demande\u00a0:\t\t\t\t<\/p>\n\n\t\t\t\t<input id=\"gdrf-data-type-export\" class=\"gdrf-data-type-input\" type=\"radio\" name=\"gdrf_data_type\" value=\"export_personal_data\" \/>\n\t\t\t\t<label for=\"gdrf-data-type-export\" class=\"gdrf-data-type-label\">\n\t\t\t\t\tExporter mes donn\u00e9es personnelles\t\t\t\t<\/label>\n\t\t\t\t<br \/>\n\t\t\t\t<input id=\"gdrf-data-type-remove\" class=\"gdrf-data-type-input\" type=\"radio\" name=\"gdrf_data_type\" value=\"remove_personal_data\" \/>\n\t\t\t\t<label for=\"gdrf-data-type-remove\" class=\"gdrf-data-type-label\">\n\t\t\t\t\tSupprimer mes donn\u00e9es personnelles\t\t\t\t<\/label>\n\t\t\t<\/div>\n\t\t\n\t\t\t<p class=\"gdrf-field gdrf-field-email\">\n\t\t\t\t<label for=\"gdrf_data_email\">\n\t\t\t\t\tVotre adresse de messagerie (obligatoire)\t\t\t\t<\/label>\n\t\t\t\t<input type=\"email\" id=\"gdrf_data_email\" name=\"gdrf_data_email\" required \/>\n\t\t\t<\/p>\n\n\t\t\t<p class=\"gdrf-field gdrf-field-human\">\n\t\t\t\t<label for=\"gdrf_data_human\">\n\t\t\t\t\tV\u00e9rification antispam (obligatoire)\u00a0:\t\t\t\t\t2\u00a0+\u00a08\u00a0=\u00a0?\t\t\t\t<\/label>\n\t\t\t\t<input type=\"text\" id=\"gdrf_data_human\" name=\"gdrf_data_human\" required \/>\n\t\t\t<\/p>\n\n\t\t\t<p class=\"gdrf-field gdrf-field-submit\">\n\t\t\t\t<input id=\"gdrf-submit-button\" type=\"submit\" class=\"wp-element-button\" value=\"Envoyer la demande\" \/>\n\t\t\t<\/p>\n\t\t<\/form>\n\t\t<\/div>\n<h4>\u00a0<\/h4>\n<h4><strong>Commentaires<\/strong><\/h4>\n<p><span style=\"font-weight: 400;\">L\u2019ensemble des commentaires sur le site (blog, page, produits) ont \u00e9t\u00e9 d\u00e9sactiv\u00e9s. Nous ne collectons donc aucune donn\u00e9es \u00e0 ce sujet.<\/span><\/p>\n<h4><strong>M\u00e9dias<\/strong><\/h4>\n<p><span style=\"font-weight: 400;\">Si vous \u00eates un utilisateur enregistr\u00e9 et que vous t\u00e9l\u00e9versez des images sur le site web (photo de profil, capture d\u2019\u00e9cran, fichier PDF\u2026).<\/span><\/p>\n<h4><strong>Contenu embarqu\u00e9 depuis d\u2019autres sites<\/strong><\/h4>\n<p><span style=\"font-weight: 400;\">Les articles de ce site peuvent inclure des contenus int\u00e9gr\u00e9s (par exemple des vid\u00e9os, images, article, etc.). Le contenu int\u00e9gr\u00e9 depuis d\u2019autres sites se comporte de la m\u00eame mani\u00e8re que si le visiteur se rendait sur cet autre site.<\/span><\/p>\n<p><span style=\"font-weight: 400;\">Ces sites web pourraient collecter des donn\u00e9es sur vous, utiliser des cookies, embarquer des outils de suivis tiers et suivre vos interactions avec ces contenus embarqu\u00e9s si vous disposez d\u2019un compte connect\u00e9 sur leur site web.<\/span><\/p>\n<h3><strong>Informations de contact<\/strong><\/h3>\n<p><span style=\"font-weight: 400;\">Selon les dispositions pr\u00e9vues par le r\u00e8glement g\u00e9n\u00e9ral de la protection des donn\u00e9es du 25 mai 2018, vous disposez d\u2019un droit d\u2019acc\u00e8s, de rectification et d\u2019effacement sur vos informations personnelles. Pour toutes demandes concernant l\u2019utilisation de vos donn\u00e9es personnelles, veuillez utiliser le formulaire ci-dessous.<\/span><\/p>\n<p><span style=\"font-weight: 400;\">Vos droits sur vos donn\u00e9es<\/span><\/p>\n<p><span style=\"font-weight: 400;\">Si vous avez un compte sur notre site internet, vous pouvez demander \u00e0 recevoir un fichier contenant toutes les donn\u00e9es personnelles que nous poss\u00e9dons \u00e0 votre sujet, incluant celles que vous nous avez fournies. Vous pouvez \u00e9galement demander la suppression des donn\u00e9es personnelles vous concernant. Cela ne prend pas en compte les donn\u00e9es stock\u00e9es \u00e0 des fins administratives, l\u00e9gales ou pour des raisons de s\u00e9curit\u00e9.<\/span><\/p>\n<p><span style=\"font-weight: 400;\">Les services tiers \u00e0 qui nous transmettons des donn\u00e9es<\/span><\/p>\n<ul>\n<li style=\"font-weight: 400;\"><span style=\"font-weight: 400;\">Google Analytics (statistiques d\u2019audience)<\/span><\/li>\n<li style=\"font-weight: 400;\"><span style=\"font-weight: 400;\">Google Ads (publicit\u00e9 en ligne)<\/span><\/li>\n<li style=\"font-weight: 400;\"><span style=\"font-weight: 400;\">Facebook Ads (publicit\u00e9 en ligne)<\/span><\/li>\n<li style=\"font-weight: 400;\"><span style=\"font-weight: 400;\">Facebook Customer Chat (service client)<\/span><\/li>\n<li style=\"font-weight: 400;\"><span style=\"font-weight: 400;\">OVH (serveurs informatiques)<\/span><\/li>\n<li style=\"font-weight: 400;\"><span style=\"font-weight: 400;\">Transporteurs \u00e9ventuellement propos\u00e9s sur le site (service de livraison)<\/span><\/li>\n<\/ul>\n<p><\/p>\t\t\t\t\t\t\t\t<\/div>\n\t\t\t\t<\/div>\n\t\t\t\t\t<\/div>\n\t\t<\/div>\n\t\t\t\t\t<\/div>\n\t\t<\/section>\n\t\t\t\t<\/div>\n\t\t","protected":false},"excerpt":{"rendered":"<p>Informations l\u00e9gales Bienvenue sur notre politique de confidentialit\u00e9, la protection de vos donn\u00e9es personnelles est importante \u00e0 nos yeux. Certaines donn\u00e9es sont transmises \u00e0 des services tiers pour proposer une meilleure exp\u00e9rience sur notre site et pour que nous puissions rester en contact ensemble. Qui sommes-nous ? Vous pouvez consulter nos Mentions L\u00e9gales disponibles sur [&hellip;]<\/p>\n","protected":false},"author":3,"featured_media":0,"parent":0,"menu_order":0,"comment_status":"closed","ping_status":"closed","template":"","meta":{"_acf_changed":false,"_seopress_robots_primary_cat":"","_seopress_titles_title":"","_seopress_titles_desc":"","_seopress_robots_index":"","content-type":"","footnotes":""},"class_list":["post-54","page","type-page","status-publish","hentry"],"acf":[],"_links":{"self":[{"href":"https:\/\/www.limpidius.com\/fr_fr\/wp-json\/wp\/v2\/pages\/54","targetHints":{"allow":["GET"]}}],"collection":[{"href":"https:\/\/www.limpidius.com\/fr_fr\/wp-json\/wp\/v2\/pages"}],"about":[{"href":"https:\/\/www.limpidius.com\/fr_fr\/wp-json\/wp\/v2\/types\/page"}],"author":[{"embeddable":true,"href":"https:\/\/www.limpidius.com\/fr_fr\/wp-json\/wp\/v2\/users\/3"}],"replies":[{"embeddable":true,"href":"https:\/\/www.limpidius.com\/fr_fr\/wp-json\/wp\/v2\/comments?post=54"}],"version-history":[{"count":24,"href":"https:\/\/www.limpidius.com\/fr_fr\/wp-json\/wp\/v2\/pages\/54\/revisions"}],"predecessor-version":[{"id":1664,"href":"https:\/\/www.limpidius.com\/fr_fr\/wp-json\/wp\/v2\/pages\/54\/revisions\/1664"}],"wp:attachment":[{"href":"https:\/\/www.limpidius.com\/fr_fr\/wp-json\/wp\/v2\/media?parent=54"}],"curies":[{"name":"wp","href":"https:\/\/api.w.org\/{rel}","templated":true}]}}